{"id":11,"date":"2026-04-06T14:11:50","date_gmt":"2026-04-06T12:11:50","guid":{"rendered":"https:\/\/cms4.fayem.etu.mmi-unistra.fr\/sae402\/wordpress\/?page_id=11"},"modified":"2026-04-10T12:19:28","modified_gmt":"2026-04-10T10:19:28","slug":"festival","status":"publish","type":"page","link":"https:\/\/cms4.fayem.etu.mmi-unistra.fr\/sae402\/wordpress\/festival\/","title":{"rendered":"Festival"},"content":{"rendered":"\n<div class=\"wp-block-group jm-festival-section jm-festival-intro has-primary-background-color has-background is-content-justification-center is-layout-constrained wp-block-group-is-layout-constrained\">\n<div class=\"wp-block-columns is-layout-flex wp-container-core-columns-is-layout-9d6595d7 wp-block-columns-is-layout-flex\">\n<div class=\"wp-block-column has-primary-background-color has-background is-layout-flow wp-block-column-is-layout-flow\" style=\"flex-basis:66.67%\">\n<h4 class=\"wp-block-heading has-light-color has-text-color has-link-color wp-elements-37c3b095c7d42bca861c9514bf35e220\"><span class=\"text-jaune\">Le Festival Incontournable des Jeux d\u2019Ohlungen<\/span>, organis\u00e9 par l\u2019association Jeux m\u2019\u00e9clate, est un \u00e9v\u00e9nement majeur c\u00e9l\u00e9brant toutes les formes de jeux sur un espace de 2500m\u00b2. Ce rendez-vous incontournable offre <span class=\"text-jaune\">une exp\u00e9rience ludique et conviviale dans une ambiance festive.<\/span><\/h4>\n\n\n\n<h4 class=\"wp-block-heading has-light-color has-text-color has-link-color wp-elements-59d63332ef0b97a7f69c44bbc9806252\"><span class=\"text-rouge-clair\">L\u2019association Jeux m\u2019\u00e9clate<\/span> est l\u2019unique organisateur de ce Festival 100% b\u00e9n\u00e9vole. Nos partenaires locaux et sponsors, nous permettent de mener \u00e0 bien ce projet chaque ann\u00e9e.<\/h4>\n\n\n\n<h4 class=\"wp-block-heading has-rouge-clair-color has-text-color has-link-color wp-elements-94da4a477a44dd6327afacd1daedbd2a\">Un grand merci \u00e0 eux !<\/h4>\n<\/div>\n\n\n\n<div class=\"wp-block-column is-vertically-aligned-center has-primary-background-color has-background is-layout-flow wp-block-column-is-layout-flow\" style=\"flex-basis:33.33%\">\n<figure class=\"wp-block-gallery has-nested-images columns-default is-cropped wp-block-gallery-1 is-layout-flex wp-block-gallery-is-layout-flex\">\n<figure class=\"wp-block-image size-large\"><img loading=\"lazy\" decoding=\"async\" width=\"356\" height=\"501\" data-id=\"187\" src=\"https:\/\/cms4.fayem.etu.mmi-unistra.fr\/sae402\/wordpress\/wp-content\/uploads\/2026\/04\/Affiche_A3_Groupe3_PRINT-01-1.png\" alt=\"\" class=\"wp-image-187\" srcset=\"https:\/\/cms4.fayem.etu.mmi-unistra.fr\/sae402\/wordpress\/wp-content\/uploads\/2026\/04\/Affiche_A3_Groupe3_PRINT-01-1.png 356w, https:\/\/cms4.fayem.etu.mmi-unistra.fr\/sae402\/wordpress\/wp-content\/uploads\/2026\/04\/Affiche_A3_Groupe3_PRINT-01-1-213x300.png 213w\" sizes=\"auto, (max-width: 356px) 100vw, 356px\" \/><\/figure>\n<\/figure>\n\n\n\n<p class=\"has-text-align-center has-light-color has-text-color has-link-color wp-elements-ffed291aac8e23550637c8950b5300b4\">Affiche de la 6\u00e8me \u00e9dition du FIJO, r\u00e9alis\u00e9e par des \u00e9tudiants de l\u2019IUT de Haguenau.<\/p>\n<\/div>\n<\/div>\n<\/div>\n\n\n\n<div class=\"wp-block-group jm-festival-section jm-festival-programme has-white-background-color has-background is-layout-constrained wp-block-group-is-layout-constrained\">\n<h2 class=\"wp-block-heading has-text-align-center has-secondary-color has-text-color has-link-color wp-elements-368b2103201248efdc87ebd8edbcfe47\">Au programme<\/h2>\n\n\n\n<div class=\"wp-block-columns is-layout-flex wp-container-core-columns-is-layout-9d6595d7 wp-block-columns-is-layout-flex\">\n<div class=\"wp-block-column is-layout-flow wp-block-column-is-layout-flow\">\n<p class=\"has-primary-color has-text-color has-link-color wp-elements-f7fbc9dacf638af799c9777223aa11f7\">Pr\u00e9parez votre visite et plongez dans l\u2019univers du <strong>Festival Incontournable des Jeux d\u2019Ohlungen<\/strong> \u00e0 travers une programmation riche, dynamique et accessible \u00e0 tous.<\/p>\n\n\n\n<p class=\"has-primary-color has-text-color has-link-color wp-elements-311401cf6c963ce1127e8446b8cb1092\">Tout au long de l\u2019\u00e9v\u00e9nement, <strong>une grande diversit\u00e9 d\u2019activit\u00e9s vous attend<\/strong><strong>:<\/strong> animations ludiques, d\u00e9monstrations, initiations et espaces en libre acc\u00e8s se succ\u00e8dent pour vous offrir une exp\u00e9rience immersive et conviviale. Que vous soyez amateur de jeux de soci\u00e9t\u00e9, passionn\u00e9 de r\u00e9trogaming, curieux de d\u00e9couvrir la r\u00e9alit\u00e9 virtuelle ou adepte de jeux d\u2019adresse, <strong>chacun trouvera de quoi s\u2019amuser et partager des moments uniques<\/strong>.<\/p>\n\n\n\n<p class=\"has-primary-color has-text-color has-link-color wp-elements-982fa2f7f8f1387663712198cd5ac873\">Le festival est organis\u00e9 en <strong>diff\u00e9rents espaces th\u00e9matiques<\/strong>, facilitant votre d\u00e9couverte et vous permettant de construire votre propre parcours selon vos envies.<br>Des temps forts viendront rythmer la journ\u00e9e : tournois, sessions sp\u00e9ciales, animations encadr\u00e9es et moments de rencontre avec des auteurs et \u00e9diteurs pr\u00e9sents sur place.<\/p>\n<\/div>\n\n\n\n<div class=\"wp-block-column is-vertically-aligned-center jm-festival-programme-col-droite has-secondary-background-color has-background is-layout-flow wp-block-column-is-layout-flow\">\n<h4 class=\"wp-block-heading has-light-color has-text-color has-link-color wp-elements-c9630610d474c87aa869b53a3e013180\">Nous proposons une multitude d\u2019activit\u00e9s adapt\u00e9es \u00e0 tous les \u00e2ges&nbsp;:<\/h4>\n\n\n\n<ul class=\"wp-block-list\">\n<li class=\"has-light-color has-text-color has-link-color wp-elements-af6f8261969e0c29e9c0a1ba62278a55\">Jeux de soci\u00e9t\u00e9<\/li>\n\n\n\n<li class=\"has-light-color has-text-color has-link-color wp-elements-af25210b914c18f12f03ab38e2e163cd\">Jeux vid\u00e9o, r\u00e9trogaming et r\u00e9alit\u00e9 virtuelle<\/li>\n\n\n\n<li class=\"has-light-color has-text-color has-link-color wp-elements-c3f434b55fd0d069b16bbf8c8e57837c\">Jeux d\u2019arcade&nbsp;: Flipper, Babyfoot&nbsp;, AirHockey, Billard \u2026<\/li>\n\n\n\n<li class=\"has-light-color has-text-color has-link-color wp-elements-c49428d4f21b1f37f38a1955e8b90da4\">Jeux en bois, jeux d\u2019adresse et structures gonflables<\/li>\n\n\n\n<li class=\"has-light-color has-text-color has-link-color wp-elements-e28b53139c6f203a7df2fcc7e72ca814\">Jeux de r\u00f4les, loup garou et escape game<\/li>\n<\/ul>\n\n\n\n<div class=\"wp-block-buttons is-content-justification-center is-layout-flex wp-container-core-buttons-is-layout-16018d1d wp-block-buttons-is-layout-flex\">\n<div class=\"wp-block-button\"><a class=\"wp-block-button__link has-background wp-element-button\" href=\"https:\/\/cms4.fayem.etu.mmi-unistra.fr\/sae402\/wordpress\/wp-content\/uploads\/2026\/04\/DEPLIANT-FIJO.pdf\" style=\"border-top-left-radius:7px;border-top-right-radius:7px;border-bottom-left-radius:7px;border-bottom-right-radius:7px;background-color:#668ed9\" target=\"_blank\" rel=\"noreferrer noopener\">T\u00e9l\u00e9charger le programme<\/a><\/div>\n<\/div>\n<\/div>\n<\/div>\n<\/div>\n\n\n\n<div class=\"wp-block-group jm-festival-section jm-festival-plan is-layout-constrained wp-block-group-is-layout-constrained\">\n<h2 class=\"wp-block-heading has-primary-color has-text-color has-link-color wp-elements-4292e2af54fa09fdb24705c00d0cbaf4\">Plan du Festival<\/h2>\n\n\n\n<div class=\"wp-block-columns is-layout-flex wp-container-core-columns-is-layout-9d6595d7 wp-block-columns-is-layout-flex\">\n<div class=\"wp-block-column is-layout-flow wp-block-column-is-layout-flow\" style=\"flex-basis:33.33%\">\n<h4 class=\"wp-block-heading has-text-align-center\">Activit\u00e9s en ext\u00e9rieur<\/h4>\n\n\n\n<ul class=\"wp-block-list\">\n<li><strong>1<\/strong> &#8211; Lancer de hache<\/li>\n\n\n\n<li><strong>2<\/strong> &#8211; Escape game<\/li>\n\n\n\n<li><strong>3<\/strong> &#8211; Exposants<\/li>\n\n\n\n<li><strong>4<\/strong> &#8211; Jeux d&rsquo;arcade<\/li>\n\n\n\n<li><strong>5<\/strong> &#8211; Echecs<\/li>\n\n\n\n<li><strong>6<\/strong> &#8211; Structures gonflables<\/li>\n\n\n\n<li><strong>7<\/strong> &#8211; Garderie d&rsquo;enfants<\/li>\n\n\n\n<li><strong>8<\/strong> &#8211; Jeux de construction<\/li>\n\n\n\n<li><strong>9<\/strong> &#8211; Jeux en bois<\/li>\n<\/ul>\n\n\n\n<h4 class=\"wp-block-heading has-text-align-center\">Activit\u00e9s en int\u00e9rieur<\/h4>\n\n\n\n<ul class=\"wp-block-list\">\n<li><strong>10<\/strong> &#8211; Jeux d&rsquo;arcade<\/li>\n\n\n\n<li><strong>11<\/strong> &#8211; Salle jeux de r\u00f4le n\u00b01<\/li>\n\n\n\n<li><strong>12<\/strong> &#8211; Salle jeux de r\u00f4le n\u00b02<\/li>\n\n\n\n<li><strong>13<\/strong> &#8211; Echanges Pokemon et TCG\/JCC<\/li>\n\n\n\n<li><strong>14<\/strong> &#8211; Zone tournois TCG\/JCC<\/li>\n\n\n\n<li><strong>15 <\/strong>&#8211; Zone autres tournois<\/li>\n\n\n\n<li><strong>16<\/strong> &#8211; Jeux de soci\u00e9t\u00e9s experts et initi\u00e9s<\/li>\n\n\n\n<li><strong>17<\/strong> &#8211; Jeux de soci\u00e9t\u00e9s enfants<\/li>\n\n\n\n<li><strong>18<\/strong> &#8211; Jeux de soci\u00e9t\u00e9s<\/li>\n\n\n\n<li><strong>19<\/strong> &#8211; Figurines et peintures<\/li>\n\n\n\n<li><strong>20<\/strong> &#8211; Auteurs &amp; \u00e9diteurs<\/li>\n\n\n\n<li><strong>21<\/strong> &#8211; Jeux vid\u00e9o et r\u00e9alit\u00e9 virtuelle<\/li>\n<\/ul>\n<\/div>\n\n\n\n<div class=\"wp-block-column is-vertically-aligned-center is-layout-flow wp-block-column-is-layout-flow\" style=\"flex-basis:66.66%\">\n<figure class=\"wp-block-image alignwide size-full\"><img loading=\"lazy\" decoding=\"async\" width=\"894\" height=\"486\" src=\"https:\/\/cms4.fayem.etu.mmi-unistra.fr\/sae402\/wordpress\/wp-content\/uploads\/2026\/04\/plan-festival.png\" alt=\"\" class=\"wp-image-205\" srcset=\"https:\/\/cms4.fayem.etu.mmi-unistra.fr\/sae402\/wordpress\/wp-content\/uploads\/2026\/04\/plan-festival.png 894w, https:\/\/cms4.fayem.etu.mmi-unistra.fr\/sae402\/wordpress\/wp-content\/uploads\/2026\/04\/plan-festival-300x163.png 300w, https:\/\/cms4.fayem.etu.mmi-unistra.fr\/sae402\/wordpress\/wp-content\/uploads\/2026\/04\/plan-festival-768x418.png 768w\" sizes=\"auto, (max-width: 894px) 100vw, 894px\" \/><\/figure>\n<\/div>\n<\/div>\n<\/div>\n\n\n\n<p><\/p>\n","protected":false},"excerpt":{"rendered":"<p>Le Festival Incontournable des Jeux d\u2019Ohlungen, organis\u00e9 par l\u2019association Jeux m\u2019\u00e9clate, est un \u00e9v\u00e9nement majeur c\u00e9l\u00e9brant toutes les formes de jeux sur un espace de 2500m\u00b2. Ce rendez-vous incontournable offre une exp\u00e9rience ludique et conviviale dans une ambiance festive. L\u2019association Jeux m\u2019\u00e9clate est l\u2019unique organisateur de ce Festival 100% b\u00e9n\u00e9vole. Nos partenaires locaux et sponsors, [&hellip;]<\/p>\n","protected":false},"author":1,"featured_media":0,"parent":0,"menu_order":0,"comment_status":"closed","ping_status":"closed","template":"","meta":{"_acf_changed":false,"footnotes":""},"class_list":["post-11","page","type-page","status-publish","hentry"],"acf":[],"yoast_head":"<!-- This site is optimized with the Yoast SEO plugin v27.3 - https:\/\/yoast.com\/product\/yoast-seo-wordpress\/ -->\n<title>Festival - FIJO<\/title>\n<meta name=\"robots\" content=\"index, follow, max-snippet:-1, max-image-preview:large, max-video-preview:-1\" \/>\n<link rel=\"canonical\" href=\"https:\/\/cms4.fayem.etu.mmi-unistra.fr\/sae402\/wordpress\/festival\/\" \/>\n<meta property=\"og:locale\" content=\"fr_FR\" \/>\n<meta property=\"og:type\" content=\"article\" \/>\n<meta property=\"og:title\" content=\"Festival - FIJO\" \/>\n<meta property=\"og:description\" content=\"Le Festival Incontournable des Jeux d\u2019Ohlungen, organis\u00e9 par l\u2019association Jeux m\u2019\u00e9clate, est un \u00e9v\u00e9nement majeur c\u00e9l\u00e9brant toutes les formes de jeux sur un espace de 2500m\u00b2. Ce rendez-vous incontournable offre une exp\u00e9rience ludique et conviviale dans une ambiance festive. L\u2019association Jeux m\u2019\u00e9clate est l\u2019unique organisateur de ce Festival 100% b\u00e9n\u00e9vole. Nos partenaires locaux et sponsors, [&hellip;]\" \/>\n<meta property=\"og:url\" content=\"https:\/\/cms4.fayem.etu.mmi-unistra.fr\/sae402\/wordpress\/festival\/\" \/>\n<meta property=\"og:site_name\" content=\"FIJO\" \/>\n<meta property=\"article:publisher\" content=\"https:\/\/www.facebook.com\/p\/Festival-Incontournable-des-Jeux-Ohlungen-61555418169959\/\" \/>\n<meta property=\"article:modified_time\" content=\"2026-04-10T10:19:28+00:00\" \/>\n<meta property=\"og:image\" content=\"https:\/\/cms4.fayem.etu.mmi-unistra.fr\/sae402\/wordpress\/wp-content\/uploads\/2026\/04\/Affiche_A3_Groupe3_PRINT-01-1.png\" \/>\n\t<meta property=\"og:image:width\" content=\"356\" \/>\n\t<meta property=\"og:image:height\" content=\"501\" \/>\n\t<meta property=\"og:image:type\" content=\"image\/png\" \/>\n<meta name=\"twitter:card\" content=\"summary_large_image\" \/>\n<meta name=\"twitter:label1\" content=\"Dur\u00e9e de lecture estim\u00e9e\" \/>\n\t<meta name=\"twitter:data1\" content=\"3 minutes\" \/>\n<script type=\"application\/ld+json\" class=\"yoast-schema-graph\">{\"@context\":\"https:\\\/\\\/schema.org\",\"@graph\":[{\"@type\":\"WebPage\",\"@id\":\"https:\\\/\\\/cms4.fayem.etu.mmi-unistra.fr\\\/sae402\\\/wordpress\\\/festival\\\/\",\"url\":\"https:\\\/\\\/cms4.fayem.etu.mmi-unistra.fr\\\/sae402\\\/wordpress\\\/festival\\\/\",\"name\":\"Festival - FIJO\",\"isPartOf\":{\"@id\":\"https:\\\/\\\/cms4.fayem.etu.mmi-unistra.fr\\\/sae402\\\/wordpress\\\/#website\"},\"primaryImageOfPage\":{\"@id\":\"https:\\\/\\\/cms4.fayem.etu.mmi-unistra.fr\\\/sae402\\\/wordpress\\\/festival\\\/#primaryimage\"},\"image\":{\"@id\":\"https:\\\/\\\/cms4.fayem.etu.mmi-unistra.fr\\\/sae402\\\/wordpress\\\/festival\\\/#primaryimage\"},\"thumbnailUrl\":\"https:\\\/\\\/cms4.fayem.etu.mmi-unistra.fr\\\/sae402\\\/wordpress\\\/wp-content\\\/uploads\\\/2026\\\/04\\\/Affiche_A3_Groupe3_PRINT-01-1.png\",\"datePublished\":\"2026-04-06T12:11:50+00:00\",\"dateModified\":\"2026-04-10T10:19:28+00:00\",\"breadcrumb\":{\"@id\":\"https:\\\/\\\/cms4.fayem.etu.mmi-unistra.fr\\\/sae402\\\/wordpress\\\/festival\\\/#breadcrumb\"},\"inLanguage\":\"fr-FR\",\"potentialAction\":[{\"@type\":\"ReadAction\",\"target\":[\"https:\\\/\\\/cms4.fayem.etu.mmi-unistra.fr\\\/sae402\\\/wordpress\\\/festival\\\/\"]}]},{\"@type\":\"ImageObject\",\"inLanguage\":\"fr-FR\",\"@id\":\"https:\\\/\\\/cms4.fayem.etu.mmi-unistra.fr\\\/sae402\\\/wordpress\\\/festival\\\/#primaryimage\",\"url\":\"https:\\\/\\\/cms4.fayem.etu.mmi-unistra.fr\\\/sae402\\\/wordpress\\\/wp-content\\\/uploads\\\/2026\\\/04\\\/Affiche_A3_Groupe3_PRINT-01-1.png\",\"contentUrl\":\"https:\\\/\\\/cms4.fayem.etu.mmi-unistra.fr\\\/sae402\\\/wordpress\\\/wp-content\\\/uploads\\\/2026\\\/04\\\/Affiche_A3_Groupe3_PRINT-01-1.png\",\"width\":356,\"height\":501},{\"@type\":\"BreadcrumbList\",\"@id\":\"https:\\\/\\\/cms4.fayem.etu.mmi-unistra.fr\\\/sae402\\\/wordpress\\\/festival\\\/#breadcrumb\",\"itemListElement\":[{\"@type\":\"ListItem\",\"position\":1,\"name\":\"Accueil\",\"item\":\"https:\\\/\\\/cms4.fayem.etu.mmi-unistra.fr\\\/sae402\\\/wordpress\\\/\"},{\"@type\":\"ListItem\",\"position\":2,\"name\":\"Festival\"}]},{\"@type\":\"WebSite\",\"@id\":\"https:\\\/\\\/cms4.fayem.etu.mmi-unistra.fr\\\/sae402\\\/wordpress\\\/#website\",\"url\":\"https:\\\/\\\/cms4.fayem.etu.mmi-unistra.fr\\\/sae402\\\/wordpress\\\/\",\"name\":\"FIJO\",\"description\":\"\",\"publisher\":{\"@id\":\"https:\\\/\\\/cms4.fayem.etu.mmi-unistra.fr\\\/sae402\\\/wordpress\\\/#organization\"},\"potentialAction\":[{\"@type\":\"SearchAction\",\"target\":{\"@type\":\"EntryPoint\",\"urlTemplate\":\"https:\\\/\\\/cms4.fayem.etu.mmi-unistra.fr\\\/sae402\\\/wordpress\\\/?s={search_term_string}\"},\"query-input\":{\"@type\":\"PropertyValueSpecification\",\"valueRequired\":true,\"valueName\":\"search_term_string\"}}],\"inLanguage\":\"fr-FR\"},{\"@type\":\"Organization\",\"@id\":\"https:\\\/\\\/cms4.fayem.etu.mmi-unistra.fr\\\/sae402\\\/wordpress\\\/#organization\",\"name\":\"FIJO\",\"url\":\"https:\\\/\\\/cms4.fayem.etu.mmi-unistra.fr\\\/sae402\\\/wordpress\\\/\",\"logo\":{\"@type\":\"ImageObject\",\"inLanguage\":\"fr-FR\",\"@id\":\"https:\\\/\\\/cms4.fayem.etu.mmi-unistra.fr\\\/sae402\\\/wordpress\\\/#\\\/schema\\\/logo\\\/image\\\/\",\"url\":\"https:\\\/\\\/cms4.fayem.etu.mmi-unistra.fr\\\/sae402\\\/wordpress\\\/wp-content\\\/uploads\\\/2026\\\/04\\\/cropped-screenshot.png\",\"contentUrl\":\"https:\\\/\\\/cms4.fayem.etu.mmi-unistra.fr\\\/sae402\\\/wordpress\\\/wp-content\\\/uploads\\\/2026\\\/04\\\/cropped-screenshot.png\",\"width\":2396,\"height\":1536,\"caption\":\"FIJO\"},\"image\":{\"@id\":\"https:\\\/\\\/cms4.fayem.etu.mmi-unistra.fr\\\/sae402\\\/wordpress\\\/#\\\/schema\\\/logo\\\/image\\\/\"},\"sameAs\":[\"https:\\\/\\\/www.facebook.com\\\/p\\\/Festival-Incontournable-des-Jeux-Ohlungen-61555418169959\\\/\",\"https:\\\/\\\/www.instagram.com\\\/festivalfijo\\\/\"]}]}<\/script>\n<!-- \/ Yoast SEO plugin. -->","yoast_head_json":{"title":"Festival - FIJO","robots":{"index":"index","follow":"follow","max-snippet":"max-snippet:-1","max-image-preview":"max-image-preview:large","max-video-preview":"max-video-preview:-1"},"canonical":"https:\/\/cms4.fayem.etu.mmi-unistra.fr\/sae402\/wordpress\/festival\/","og_locale":"fr_FR","og_type":"article","og_title":"Festival - FIJO","og_description":"Le Festival Incontournable des Jeux d\u2019Ohlungen, organis\u00e9 par l\u2019association Jeux m\u2019\u00e9clate, est un \u00e9v\u00e9nement majeur c\u00e9l\u00e9brant toutes les formes de jeux sur un espace de 2500m\u00b2. Ce rendez-vous incontournable offre une exp\u00e9rience ludique et conviviale dans une ambiance festive. L\u2019association Jeux m\u2019\u00e9clate est l\u2019unique organisateur de ce Festival 100% b\u00e9n\u00e9vole. Nos partenaires locaux et sponsors, [&hellip;]","og_url":"https:\/\/cms4.fayem.etu.mmi-unistra.fr\/sae402\/wordpress\/festival\/","og_site_name":"FIJO","article_publisher":"https:\/\/www.facebook.com\/p\/Festival-Incontournable-des-Jeux-Ohlungen-61555418169959\/","article_modified_time":"2026-04-10T10:19:28+00:00","og_image":[{"width":356,"height":501,"url":"https:\/\/cms4.fayem.etu.mmi-unistra.fr\/sae402\/wordpress\/wp-content\/uploads\/2026\/04\/Affiche_A3_Groupe3_PRINT-01-1.png","type":"image\/png"}],"twitter_card":"summary_large_image","twitter_misc":{"Dur\u00e9e de lecture estim\u00e9e":"3 minutes"},"schema":{"@context":"https:\/\/schema.org","@graph":[{"@type":"WebPage","@id":"https:\/\/cms4.fayem.etu.mmi-unistra.fr\/sae402\/wordpress\/festival\/","url":"https:\/\/cms4.fayem.etu.mmi-unistra.fr\/sae402\/wordpress\/festival\/","name":"Festival - FIJO","isPartOf":{"@id":"https:\/\/cms4.fayem.etu.mmi-unistra.fr\/sae402\/wordpress\/#website"},"primaryImageOfPage":{"@id":"https:\/\/cms4.fayem.etu.mmi-unistra.fr\/sae402\/wordpress\/festival\/#primaryimage"},"image":{"@id":"https:\/\/cms4.fayem.etu.mmi-unistra.fr\/sae402\/wordpress\/festival\/#primaryimage"},"thumbnailUrl":"https:\/\/cms4.fayem.etu.mmi-unistra.fr\/sae402\/wordpress\/wp-content\/uploads\/2026\/04\/Affiche_A3_Groupe3_PRINT-01-1.png","datePublished":"2026-04-06T12:11:50+00:00","dateModified":"2026-04-10T10:19:28+00:00","breadcrumb":{"@id":"https:\/\/cms4.fayem.etu.mmi-unistra.fr\/sae402\/wordpress\/festival\/#breadcrumb"},"inLanguage":"fr-FR","potentialAction":[{"@type":"ReadAction","target":["https:\/\/cms4.fayem.etu.mmi-unistra.fr\/sae402\/wordpress\/festival\/"]}]},{"@type":"ImageObject","inLanguage":"fr-FR","@id":"https:\/\/cms4.fayem.etu.mmi-unistra.fr\/sae402\/wordpress\/festival\/#primaryimage","url":"https:\/\/cms4.fayem.etu.mmi-unistra.fr\/sae402\/wordpress\/wp-content\/uploads\/2026\/04\/Affiche_A3_Groupe3_PRINT-01-1.png","contentUrl":"https:\/\/cms4.fayem.etu.mmi-unistra.fr\/sae402\/wordpress\/wp-content\/uploads\/2026\/04\/Affiche_A3_Groupe3_PRINT-01-1.png","width":356,"height":501},{"@type":"BreadcrumbList","@id":"https:\/\/cms4.fayem.etu.mmi-unistra.fr\/sae402\/wordpress\/festival\/#breadcrumb","itemListElement":[{"@type":"ListItem","position":1,"name":"Accueil","item":"https:\/\/cms4.fayem.etu.mmi-unistra.fr\/sae402\/wordpress\/"},{"@type":"ListItem","position":2,"name":"Festival"}]},{"@type":"WebSite","@id":"https:\/\/cms4.fayem.etu.mmi-unistra.fr\/sae402\/wordpress\/#website","url":"https:\/\/cms4.fayem.etu.mmi-unistra.fr\/sae402\/wordpress\/","name":"FIJO","description":"","publisher":{"@id":"https:\/\/cms4.fayem.etu.mmi-unistra.fr\/sae402\/wordpress\/#organization"},"potentialAction":[{"@type":"SearchAction","target":{"@type":"EntryPoint","urlTemplate":"https:\/\/cms4.fayem.etu.mmi-unistra.fr\/sae402\/wordpress\/?s={search_term_string}"},"query-input":{"@type":"PropertyValueSpecification","valueRequired":true,"valueName":"search_term_string"}}],"inLanguage":"fr-FR"},{"@type":"Organization","@id":"https:\/\/cms4.fayem.etu.mmi-unistra.fr\/sae402\/wordpress\/#organization","name":"FIJO","url":"https:\/\/cms4.fayem.etu.mmi-unistra.fr\/sae402\/wordpress\/","logo":{"@type":"ImageObject","inLanguage":"fr-FR","@id":"https:\/\/cms4.fayem.etu.mmi-unistra.fr\/sae402\/wordpress\/#\/schema\/logo\/image\/","url":"https:\/\/cms4.fayem.etu.mmi-unistra.fr\/sae402\/wordpress\/wp-content\/uploads\/2026\/04\/cropped-screenshot.png","contentUrl":"https:\/\/cms4.fayem.etu.mmi-unistra.fr\/sae402\/wordpress\/wp-content\/uploads\/2026\/04\/cropped-screenshot.png","width":2396,"height":1536,"caption":"FIJO"},"image":{"@id":"https:\/\/cms4.fayem.etu.mmi-unistra.fr\/sae402\/wordpress\/#\/schema\/logo\/image\/"},"sameAs":["https:\/\/www.facebook.com\/p\/Festival-Incontournable-des-Jeux-Ohlungen-61555418169959\/","https:\/\/www.instagram.com\/festivalfijo\/"]}]}},"_links":{"self":[{"href":"https:\/\/cms4.fayem.etu.mmi-unistra.fr\/sae402\/wordpress\/wp-json\/wp\/v2\/pages\/11","targetHints":{"allow":["GET"]}}],"collection":[{"href":"https:\/\/cms4.fayem.etu.mmi-unistra.fr\/sae402\/wordpress\/wp-json\/wp\/v2\/pages"}],"about":[{"href":"https:\/\/cms4.fayem.etu.mmi-unistra.fr\/sae402\/wordpress\/wp-json\/wp\/v2\/types\/page"}],"author":[{"embeddable":true,"href":"https:\/\/cms4.fayem.etu.mmi-unistra.fr\/sae402\/wordpress\/wp-json\/wp\/v2\/users\/1"}],"replies":[{"embeddable":true,"href":"https:\/\/cms4.fayem.etu.mmi-unistra.fr\/sae402\/wordpress\/wp-json\/wp\/v2\/comments?post=11"}],"version-history":[{"count":91,"href":"https:\/\/cms4.fayem.etu.mmi-unistra.fr\/sae402\/wordpress\/wp-json\/wp\/v2\/pages\/11\/revisions"}],"predecessor-version":[{"id":435,"href":"https:\/\/cms4.fayem.etu.mmi-unistra.fr\/sae402\/wordpress\/wp-json\/wp\/v2\/pages\/11\/revisions\/435"}],"wp:attachment":[{"href":"https:\/\/cms4.fayem.etu.mmi-unistra.fr\/sae402\/wordpress\/wp-json\/wp\/v2\/media?parent=11"}],"curies":[{"name":"wp","href":"https:\/\/api.w.org\/{rel}","templated":true}]}}