{"id":9,"date":"2026-04-06T14:11:38","date_gmt":"2026-04-06T12:11:38","guid":{"rendered":"https:\/\/cms4.fayem.etu.mmi-unistra.fr\/sae402\/wordpress\/?page_id=9"},"modified":"2026-04-09T08:37:55","modified_gmt":"2026-04-09T06:37:55","slug":"association","status":"publish","type":"page","link":"https:\/\/cms4.fayem.etu.mmi-unistra.fr\/sae402\/wordpress\/association\/","title":{"rendered":"Association"},"content":{"rendered":"\n<p><\/p>\n\n\n\n<div class=\"wp-block-group jm-blocInfo has-background is-layout-constrained wp-block-group-is-layout-constrained\" style=\"background-color:#5072b0\">\n<div class=\"wp-block-columns is-layout-flex wp-container-core-columns-is-layout-9d6595d7 wp-block-columns-is-layout-flex\">\n<div class=\"wp-block-column has-light-color has-text-color has-link-color wp-elements-f636cd200f3afa55332cce55f68786a9 is-layout-flow wp-block-column-is-layout-flow\" style=\"flex-basis:66.66%\">\n<h2 class=\"wp-block-heading jm-titre-section-white\">Presentation<\/h2>\n\n\n\n<p><strong>Fond\u00e9e en 2019 \u00e0 Ohlungen<\/strong>, Jeux m\u2019\u00e9clate est une association qui met le jeu au c\u0153ur du partage, de l\u2019apprentissage et du lien social.<\/p>\n\n\n\n<p>Nous organisons des rencontres interg\u00e9n\u00e9rationnelles autour des jeux de soci\u00e9t\u00e9, de cartes et de r\u00f4le, accessibles \u00e0 tous, quel que soit l\u2019\u00e2ge ou la situation.<\/p>\n\n\n\n<p>Convaincus des bienfaits du jeu, nous menons \u00e9galement des actions \u00e9ducatives dans les \u00e9coles et intervenons en h\u00f4pitaux pour offrir aux patients un moment de d\u00e9tente et de d\u00e9couverte. Plus qu\u2019un loisir, le jeu est pour nous un outil de partage et de transmission.<\/p>\n\n\n\n<p><strong>Rejoignez-nous<\/strong> pour vivre des instants ludiques et conviviaux !<\/p>\n\n\n\n<div class=\"wp-block-group is-nowrap is-layout-flex wp-container-core-group-is-layout-ad2f72ca wp-block-group-is-layout-flex\">\n<figure class=\"wp-block-image size-full is-resized jm-icon-float icon-carte\"><img loading=\"lazy\" decoding=\"async\" width=\"818\" height=\"791\" src=\"https:\/\/cms4.fayem.etu.mmi-unistra.fr\/sae402\/wordpress\/wp-content\/uploads\/2026\/04\/Fichier-11@3x.png\" alt=\"\" class=\"wp-image-60\" style=\"aspect-ratio:1.0341518487157777;width:205px;height:auto\" srcset=\"https:\/\/cms4.fayem.etu.mmi-unistra.fr\/sae402\/wordpress\/wp-content\/uploads\/2026\/04\/Fichier-11@3x.png 818w, https:\/\/cms4.fayem.etu.mmi-unistra.fr\/sae402\/wordpress\/wp-content\/uploads\/2026\/04\/Fichier-11@3x-300x290.png 300w, https:\/\/cms4.fayem.etu.mmi-unistra.fr\/sae402\/wordpress\/wp-content\/uploads\/2026\/04\/Fichier-11@3x-768x743.png 768w\" sizes=\"auto, (max-width: 818px) 100vw, 818px\" \/><\/figure>\n\n\n\n<figure class=\"wp-block-image size-full is-resized jm-icon-float icon-pion\"><img loading=\"lazy\" decoding=\"async\" width=\"606\" height=\"801\" src=\"https:\/\/cms4.fayem.etu.mmi-unistra.fr\/sae402\/wordpress\/wp-content\/uploads\/2026\/04\/Fichier-16@3x.png\" alt=\"\" class=\"wp-image-59\" style=\"aspect-ratio:0.7565558538096221;width:108px;height:auto\" srcset=\"https:\/\/cms4.fayem.etu.mmi-unistra.fr\/sae402\/wordpress\/wp-content\/uploads\/2026\/04\/Fichier-16@3x.png 606w, https:\/\/cms4.fayem.etu.mmi-unistra.fr\/sae402\/wordpress\/wp-content\/uploads\/2026\/04\/Fichier-16@3x-227x300.png 227w\" sizes=\"auto, (max-width: 606px) 100vw, 606px\" \/><\/figure>\n\n\n\n<figure class=\"wp-block-image size-full is-resized jm-icon-float icon-puzzle\"><img loading=\"lazy\" decoding=\"async\" width=\"754\" height=\"759\" src=\"https:\/\/cms4.fayem.etu.mmi-unistra.fr\/sae402\/wordpress\/wp-content\/uploads\/2026\/04\/Fichier-10@3x.png\" alt=\"\" class=\"wp-image-198\" style=\"aspect-ratio:0.9917054051590557;width:149px;height:auto\" srcset=\"https:\/\/cms4.fayem.etu.mmi-unistra.fr\/sae402\/wordpress\/wp-content\/uploads\/2026\/04\/Fichier-10@3x.png 754w, https:\/\/cms4.fayem.etu.mmi-unistra.fr\/sae402\/wordpress\/wp-content\/uploads\/2026\/04\/Fichier-10@3x-298x300.png 298w, https:\/\/cms4.fayem.etu.mmi-unistra.fr\/sae402\/wordpress\/wp-content\/uploads\/2026\/04\/Fichier-10@3x-150x150.png 150w\" sizes=\"auto, (max-width: 754px) 100vw, 754px\" \/><\/figure>\n<\/div>\n<\/div>\n\n\n\n<div class=\"wp-block-column is-vertically-aligned-center is-layout-flow wp-block-column-is-layout-flow\" style=\"flex-basis:33.33%\">\n<figure class=\"wp-block-image size-full is-style-default\"><img loading=\"lazy\" decoding=\"async\" width=\"1024\" height=\"683\" src=\"https:\/\/cms4.fayem.etu.mmi-unistra.fr\/sae402\/wordpress\/wp-content\/uploads\/2026\/04\/image_siteintro.png\" alt=\"\" class=\"wp-image-50\" style=\"aspect-ratio:1;object-fit:cover\" srcset=\"https:\/\/cms4.fayem.etu.mmi-unistra.fr\/sae402\/wordpress\/wp-content\/uploads\/2026\/04\/image_siteintro.png 1024w, https:\/\/cms4.fayem.etu.mmi-unistra.fr\/sae402\/wordpress\/wp-content\/uploads\/2026\/04\/image_siteintro-300x200.png 300w, https:\/\/cms4.fayem.etu.mmi-unistra.fr\/sae402\/wordpress\/wp-content\/uploads\/2026\/04\/image_siteintro-768x512.png 768w\" sizes=\"auto, (max-width: 1024px) 100vw, 1024px\" \/><\/figure>\n<\/div>\n<\/div>\n<\/div>\n\n\n\n<div class=\"wp-block-group is-layout-constrained wp-block-group-is-layout-constrained\">\n<h2 class=\"wp-block-heading has-text-align-center jm-titre-section has-primary-color has-text-color has-link-color wp-elements-f4c112cd70bec60e22274ff886e06539\">Nos Activites<\/h2>\n<\/div>\n\n\n\n<div class=\"wp-block-group jm_activite is-layout-constrained wp-block-group-is-layout-constrained\">\n<div class=\"wp-block-columns is-layout-flex wp-container-core-columns-is-layout-9d6595d7 wp-block-columns-is-layout-flex\">\n<div class=\"wp-block-column jm_activite_card has-primary-background-color has-background is-layout-flow wp-block-column-is-layout-flow\">\n<figure class=\"wp-block-image size-full is-resized\"><img loading=\"lazy\" decoding=\"async\" width=\"211\" height=\"168\" src=\"https:\/\/cms4.fayem.etu.mmi-unistra.fr\/sae402\/wordpress\/wp-content\/uploads\/2026\/04\/Group-2.png\" alt=\"\" class=\"wp-image-100\" style=\"aspect-ratio:1.255976188261557;width:167px;height:auto\"\/><\/figure>\n\n\n\n<h3 class=\"wp-block-heading has-text-align-center has-light-color has-text-color has-link-color wp-elements-038253fd44a0eeacbd98e3ae4d50c361\">Des rencontres hebdomadaires pour jouer, d\u00e9couvrir et partager<\/h3>\n<\/div>\n\n\n\n<div class=\"wp-block-column jm_activite_card has-secondary-background-color has-background is-layout-flow wp-block-column-is-layout-flow\">\n<figure class=\"wp-block-image size-full\"><img loading=\"lazy\" decoding=\"async\" width=\"220\" height=\"106\" src=\"https:\/\/cms4.fayem.etu.mmi-unistra.fr\/sae402\/wordpress\/wp-content\/uploads\/2026\/04\/Group-82.png\" alt=\"\" class=\"wp-image-102\"\/><\/figure>\n\n\n\n<h3 class=\"wp-block-heading has-text-align-center has-light-color has-text-color has-link-color wp-elements-2356e91df382179feba40a89e4019c3e\">Des interventions dans les \u00e9tablissements scolaires et des h\u00f4pitaux<\/h3>\n<\/div>\n\n\n\n<div class=\"wp-block-column jm_activite_card has-luminous-vivid-amber-background-color has-background is-layout-flow wp-block-column-is-layout-flow\">\n<figure class=\"wp-block-image size-full\"><img loading=\"lazy\" decoding=\"async\" width=\"281\" height=\"203\" src=\"https:\/\/cms4.fayem.etu.mmi-unistra.fr\/sae402\/wordpress\/wp-content\/uploads\/2026\/04\/logo_complet_blanc@3x-1.png\" alt=\"\" class=\"wp-image-103\"\/><\/figure>\n\n\n\n<h3 class=\"wp-block-heading has-text-align-center has-light-color has-text-color has-link-color wp-elements-f8944f19b9dfa770cbedacb8f195dde8\">Notre Festival Incontournable des Jeux d\u2019Ohlungen<\/h3>\n\n\n\n<div class=\"wp-block-buttons is-content-justification-center is-layout-flex wp-container-core-buttons-is-layout-16018d1d wp-block-buttons-is-layout-flex\">\n<div class=\"wp-block-button is-style-fill\"><a class=\"wp-block-button__link has-text-align-center wp-element-button\" href=\"https:\/\/cms4.fayem.etu.mmi-unistra.fr\/sae402\/wordpress\/festival\/\">D\u00e9couvrir<\/a><\/div>\n<\/div>\n<\/div>\n<\/div>\n<\/div>\n\n\n\n<h2 class=\"wp-block-heading jm-titre-section has-primary-color has-text-color has-link-color wp-elements-fa2fb22aba50cf6d862d6a62d4787c35\">Nos Tarifs<\/h2>\n\n\n\n<p class=\"has-primary-color has-text-color has-link-color wp-elements-c93f1605ad94773228f16bdfcf2f098d\">Les tarifs pr\u00e9sent\u00e9s ci-dessous concernent uniquement l&rsquo;adh\u00e9sion annuelle et les activit\u00e9s de notre association. Bien que vous consultiez le site du festival, ces montants sont distincts de la billetterie de l&rsquo;\u00e9v\u00e9nement. En devenant membre, vous soutenez nos actions \u00e0 l&rsquo;ann\u00e9e et profitez de l&#8217;emprunt de jeux toute la saison !<\/p>\n\n\n\n<div class=\"wp-block-group jm-section-tarif is-layout-constrained wp-block-group-is-layout-constrained\">\n<div class=\"wp-block-columns is-layout-flex wp-container-core-columns-is-layout-9d6595d7 wp-block-columns-is-layout-flex\">\n<div class=\"wp-block-column jm-soiree-containeur has-luminous-vivid-amber-background-color has-background is-layout-flow wp-block-column-is-layout-flow\" style=\"flex-basis:33.33%\">\n<h2 class=\"wp-block-heading has-text-align-center jm-soree-taro has-secondary-color has-text-color has-link-color wp-elements-022def4d465d540b4a234a851d7af273\">2\u20ac<\/h2>\n\n\n\n<h3 class=\"wp-block-heading has-text-align-center has-secondary-color has-text-color has-link-color wp-elements-db375540db84c62eae8b5b36a2908b4a\">Tarif d\u2019une soir\u00e9e<br>par personnes<\/h3>\n\n\n\n<figure class=\"wp-block-image size-full is-resized jm-carte-soiree\"><img loading=\"lazy\" decoding=\"async\" width=\"818\" height=\"791\" src=\"https:\/\/cms4.fayem.etu.mmi-unistra.fr\/sae402\/wordpress\/wp-content\/uploads\/2026\/04\/Fichier-11@3x.png\" alt=\"\" class=\"wp-image-60\" style=\"aspect-ratio:1.0341826037232353;width:107px;height:auto\" srcset=\"https:\/\/cms4.fayem.etu.mmi-unistra.fr\/sae402\/wordpress\/wp-content\/uploads\/2026\/04\/Fichier-11@3x.png 818w, https:\/\/cms4.fayem.etu.mmi-unistra.fr\/sae402\/wordpress\/wp-content\/uploads\/2026\/04\/Fichier-11@3x-300x290.png 300w, https:\/\/cms4.fayem.etu.mmi-unistra.fr\/sae402\/wordpress\/wp-content\/uploads\/2026\/04\/Fichier-11@3x-768x743.png 768w\" sizes=\"auto, (max-width: 818px) 100vw, 818px\" \/><\/figure>\n<\/div>\n\n\n\n<div class=\"wp-block-column jm-adhesion has-secondary-background-color has-background is-layout-flow wp-block-column-is-layout-flow\" style=\"flex-basis:66.66%\">\n<h3 class=\"wp-block-heading has-light-color has-text-color has-link-color wp-elements-ff97f5075e7b14767530e64d5a3c9532\">Tarif carte de membre pour la saison 25\u20ac<\/h3>\n\n\n\n<p class=\"has-light-color has-text-color has-link-color wp-elements-c19392687a10ebbbfcc6df35da754c89\">En adh\u00e9rant \u00e0 notre association, chacun peut emprunter des jeux, offrant&nbsp; ainsi une alternative \u00e9conomique \u00e0 l\u2019achat. Cela permet aux personnes en difficult\u00e9 financi\u00e8re de profiter de moments de convivialit\u00e9 et de d\u00e9couvrir de nombreux jeux sans avoir \u00e0 supporter leur co\u00fbt \u00e9lev\u00e9.<\/p>\n\n\n\n<div class=\"wp-block-group is-nowrap is-layout-flex wp-container-core-group-is-layout-ad2f72ca wp-block-group-is-layout-flex\">\n<figure class=\"wp-block-image size-full is-resized jm-pion-adhesion\"><img loading=\"lazy\" decoding=\"async\" width=\"606\" height=\"802\" src=\"https:\/\/cms4.fayem.etu.mmi-unistra.fr\/sae402\/wordpress\/wp-content\/uploads\/2026\/04\/Fichier-15@3x.png\" alt=\"\" class=\"wp-image-202\" style=\"aspect-ratio:0.7556169343607836;width:131px;height:auto\" srcset=\"https:\/\/cms4.fayem.etu.mmi-unistra.fr\/sae402\/wordpress\/wp-content\/uploads\/2026\/04\/Fichier-15@3x.png 606w, https:\/\/cms4.fayem.etu.mmi-unistra.fr\/sae402\/wordpress\/wp-content\/uploads\/2026\/04\/Fichier-15@3x-227x300.png 227w\" sizes=\"auto, (max-width: 606px) 100vw, 606px\" \/><\/figure>\n\n\n\n<figure class=\"wp-block-image size-full is-resized jm-puzzle-adhesion\"><img loading=\"lazy\" decoding=\"async\" width=\"753\" height=\"759\" src=\"https:\/\/cms4.fayem.etu.mmi-unistra.fr\/sae402\/wordpress\/wp-content\/uploads\/2026\/04\/Fichier-9@3x-1.png\" alt=\"\" class=\"wp-image-204\" style=\"aspect-ratio:0.9921070274882672;width:187px;height:auto\" srcset=\"https:\/\/cms4.fayem.etu.mmi-unistra.fr\/sae402\/wordpress\/wp-content\/uploads\/2026\/04\/Fichier-9@3x-1.png 753w, https:\/\/cms4.fayem.etu.mmi-unistra.fr\/sae402\/wordpress\/wp-content\/uploads\/2026\/04\/Fichier-9@3x-1-298x300.png 298w, https:\/\/cms4.fayem.etu.mmi-unistra.fr\/sae402\/wordpress\/wp-content\/uploads\/2026\/04\/Fichier-9@3x-1-150x150.png 150w\" sizes=\"auto, (max-width: 753px) 100vw, 753px\" \/><\/figure>\n<\/div>\n<\/div>\n<\/div>\n<\/div>\n\n\n\n<p><\/p>\n","protected":false},"excerpt":{"rendered":"<p>Presentation Fond\u00e9e en 2019 \u00e0 Ohlungen, Jeux m\u2019\u00e9clate est une association qui met le jeu au c\u0153ur du partage, de l\u2019apprentissage et du lien social. Nous organisons des rencontres interg\u00e9n\u00e9rationnelles autour des jeux de soci\u00e9t\u00e9, de cartes et de r\u00f4le, accessibles \u00e0 tous, quel que soit l\u2019\u00e2ge ou la situation. Convaincus des bienfaits du jeu, [&hellip;]<\/p>\n","protected":false},"author":1,"featured_media":0,"parent":0,"menu_order":0,"comment_status":"closed","ping_status":"closed","template":"","meta":{"_acf_changed":false,"footnotes":""},"class_list":["post-9","page","type-page","status-publish","hentry"],"acf":[],"yoast_head":"<!-- This site is optimized with the Yoast SEO plugin v27.3 - https:\/\/yoast.com\/product\/yoast-seo-wordpress\/ -->\n<title>Association - FIJO<\/title>\n<meta name=\"robots\" content=\"index, follow, max-snippet:-1, max-image-preview:large, max-video-preview:-1\" \/>\n<link rel=\"canonical\" href=\"https:\/\/cms4.fayem.etu.mmi-unistra.fr\/sae402\/wordpress\/association\/\" \/>\n<meta property=\"og:locale\" content=\"fr_FR\" \/>\n<meta property=\"og:type\" content=\"article\" \/>\n<meta property=\"og:title\" content=\"Association - FIJO\" \/>\n<meta property=\"og:description\" content=\"Presentation Fond\u00e9e en 2019 \u00e0 Ohlungen, Jeux m\u2019\u00e9clate est une association qui met le jeu au c\u0153ur du partage, de l\u2019apprentissage et du lien social. Nous organisons des rencontres interg\u00e9n\u00e9rationnelles autour des jeux de soci\u00e9t\u00e9, de cartes et de r\u00f4le, accessibles \u00e0 tous, quel que soit l\u2019\u00e2ge ou la situation. Convaincus des bienfaits du jeu, [&hellip;]\" \/>\n<meta property=\"og:url\" content=\"https:\/\/cms4.fayem.etu.mmi-unistra.fr\/sae402\/wordpress\/association\/\" \/>\n<meta property=\"og:site_name\" content=\"FIJO\" \/>\n<meta property=\"article:publisher\" content=\"https:\/\/www.facebook.com\/p\/Festival-Incontournable-des-Jeux-Ohlungen-61555418169959\/\" \/>\n<meta property=\"article:modified_time\" content=\"2026-04-09T06:37:55+00:00\" \/>\n<meta property=\"og:image\" content=\"https:\/\/cms4.fayem.etu.mmi-unistra.fr\/sae402\/wordpress\/wp-content\/uploads\/2026\/04\/Fichier-11@3x.png\" \/>\n\t<meta property=\"og:image:width\" content=\"818\" \/>\n\t<meta property=\"og:image:height\" content=\"791\" \/>\n\t<meta property=\"og:image:type\" content=\"image\/png\" \/>\n<meta name=\"twitter:card\" content=\"summary_large_image\" \/>\n<meta name=\"twitter:label1\" content=\"Dur\u00e9e de lecture estim\u00e9e\" \/>\n\t<meta name=\"twitter:data1\" content=\"1 minute\" \/>\n<script type=\"application\/ld+json\" class=\"yoast-schema-graph\">{\"@context\":\"https:\\\/\\\/schema.org\",\"@graph\":[{\"@type\":\"WebPage\",\"@id\":\"https:\\\/\\\/cms4.fayem.etu.mmi-unistra.fr\\\/sae402\\\/wordpress\\\/association\\\/\",\"url\":\"https:\\\/\\\/cms4.fayem.etu.mmi-unistra.fr\\\/sae402\\\/wordpress\\\/association\\\/\",\"name\":\"Association - FIJO\",\"isPartOf\":{\"@id\":\"https:\\\/\\\/cms4.fayem.etu.mmi-unistra.fr\\\/sae402\\\/wordpress\\\/#website\"},\"primaryImageOfPage\":{\"@id\":\"https:\\\/\\\/cms4.fayem.etu.mmi-unistra.fr\\\/sae402\\\/wordpress\\\/association\\\/#primaryimage\"},\"image\":{\"@id\":\"https:\\\/\\\/cms4.fayem.etu.mmi-unistra.fr\\\/sae402\\\/wordpress\\\/association\\\/#primaryimage\"},\"thumbnailUrl\":\"https:\\\/\\\/cms4.fayem.etu.mmi-unistra.fr\\\/sae402\\\/wordpress\\\/wp-content\\\/uploads\\\/2026\\\/04\\\/Fichier-11@3x.png\",\"datePublished\":\"2026-04-06T12:11:38+00:00\",\"dateModified\":\"2026-04-09T06:37:55+00:00\",\"breadcrumb\":{\"@id\":\"https:\\\/\\\/cms4.fayem.etu.mmi-unistra.fr\\\/sae402\\\/wordpress\\\/association\\\/#breadcrumb\"},\"inLanguage\":\"fr-FR\",\"potentialAction\":[{\"@type\":\"ReadAction\",\"target\":[\"https:\\\/\\\/cms4.fayem.etu.mmi-unistra.fr\\\/sae402\\\/wordpress\\\/association\\\/\"]}]},{\"@type\":\"ImageObject\",\"inLanguage\":\"fr-FR\",\"@id\":\"https:\\\/\\\/cms4.fayem.etu.mmi-unistra.fr\\\/sae402\\\/wordpress\\\/association\\\/#primaryimage\",\"url\":\"https:\\\/\\\/cms4.fayem.etu.mmi-unistra.fr\\\/sae402\\\/wordpress\\\/wp-content\\\/uploads\\\/2026\\\/04\\\/Fichier-11@3x.png\",\"contentUrl\":\"https:\\\/\\\/cms4.fayem.etu.mmi-unistra.fr\\\/sae402\\\/wordpress\\\/wp-content\\\/uploads\\\/2026\\\/04\\\/Fichier-11@3x.png\",\"width\":818,\"height\":791},{\"@type\":\"BreadcrumbList\",\"@id\":\"https:\\\/\\\/cms4.fayem.etu.mmi-unistra.fr\\\/sae402\\\/wordpress\\\/association\\\/#breadcrumb\",\"itemListElement\":[{\"@type\":\"ListItem\",\"position\":1,\"name\":\"Accueil\",\"item\":\"https:\\\/\\\/cms4.fayem.etu.mmi-unistra.fr\\\/sae402\\\/wordpress\\\/\"},{\"@type\":\"ListItem\",\"position\":2,\"name\":\"Association\"}]},{\"@type\":\"WebSite\",\"@id\":\"https:\\\/\\\/cms4.fayem.etu.mmi-unistra.fr\\\/sae402\\\/wordpress\\\/#website\",\"url\":\"https:\\\/\\\/cms4.fayem.etu.mmi-unistra.fr\\\/sae402\\\/wordpress\\\/\",\"name\":\"FIJO\",\"description\":\"\",\"publisher\":{\"@id\":\"https:\\\/\\\/cms4.fayem.etu.mmi-unistra.fr\\\/sae402\\\/wordpress\\\/#organization\"},\"potentialAction\":[{\"@type\":\"SearchAction\",\"target\":{\"@type\":\"EntryPoint\",\"urlTemplate\":\"https:\\\/\\\/cms4.fayem.etu.mmi-unistra.fr\\\/sae402\\\/wordpress\\\/?s={search_term_string}\"},\"query-input\":{\"@type\":\"PropertyValueSpecification\",\"valueRequired\":true,\"valueName\":\"search_term_string\"}}],\"inLanguage\":\"fr-FR\"},{\"@type\":\"Organization\",\"@id\":\"https:\\\/\\\/cms4.fayem.etu.mmi-unistra.fr\\\/sae402\\\/wordpress\\\/#organization\",\"name\":\"FIJO\",\"url\":\"https:\\\/\\\/cms4.fayem.etu.mmi-unistra.fr\\\/sae402\\\/wordpress\\\/\",\"logo\":{\"@type\":\"ImageObject\",\"inLanguage\":\"fr-FR\",\"@id\":\"https:\\\/\\\/cms4.fayem.etu.mmi-unistra.fr\\\/sae402\\\/wordpress\\\/#\\\/schema\\\/logo\\\/image\\\/\",\"url\":\"https:\\\/\\\/cms4.fayem.etu.mmi-unistra.fr\\\/sae402\\\/wordpress\\\/wp-content\\\/uploads\\\/2026\\\/04\\\/cropped-screenshot.png\",\"contentUrl\":\"https:\\\/\\\/cms4.fayem.etu.mmi-unistra.fr\\\/sae402\\\/wordpress\\\/wp-content\\\/uploads\\\/2026\\\/04\\\/cropped-screenshot.png\",\"width\":2396,\"height\":1536,\"caption\":\"FIJO\"},\"image\":{\"@id\":\"https:\\\/\\\/cms4.fayem.etu.mmi-unistra.fr\\\/sae402\\\/wordpress\\\/#\\\/schema\\\/logo\\\/image\\\/\"},\"sameAs\":[\"https:\\\/\\\/www.facebook.com\\\/p\\\/Festival-Incontournable-des-Jeux-Ohlungen-61555418169959\\\/\",\"https:\\\/\\\/www.instagram.com\\\/festivalfijo\\\/\"]}]}<\/script>\n<!-- \/ Yoast SEO plugin. -->","yoast_head_json":{"title":"Association - FIJO","robots":{"index":"index","follow":"follow","max-snippet":"max-snippet:-1","max-image-preview":"max-image-preview:large","max-video-preview":"max-video-preview:-1"},"canonical":"https:\/\/cms4.fayem.etu.mmi-unistra.fr\/sae402\/wordpress\/association\/","og_locale":"fr_FR","og_type":"article","og_title":"Association - FIJO","og_description":"Presentation Fond\u00e9e en 2019 \u00e0 Ohlungen, Jeux m\u2019\u00e9clate est une association qui met le jeu au c\u0153ur du partage, de l\u2019apprentissage et du lien social. Nous organisons des rencontres interg\u00e9n\u00e9rationnelles autour des jeux de soci\u00e9t\u00e9, de cartes et de r\u00f4le, accessibles \u00e0 tous, quel que soit l\u2019\u00e2ge ou la situation. Convaincus des bienfaits du jeu, [&hellip;]","og_url":"https:\/\/cms4.fayem.etu.mmi-unistra.fr\/sae402\/wordpress\/association\/","og_site_name":"FIJO","article_publisher":"https:\/\/www.facebook.com\/p\/Festival-Incontournable-des-Jeux-Ohlungen-61555418169959\/","article_modified_time":"2026-04-09T06:37:55+00:00","og_image":[{"width":818,"height":791,"url":"https:\/\/cms4.fayem.etu.mmi-unistra.fr\/sae402\/wordpress\/wp-content\/uploads\/2026\/04\/Fichier-11@3x.png","type":"image\/png"}],"twitter_card":"summary_large_image","twitter_misc":{"Dur\u00e9e de lecture estim\u00e9e":"1 minute"},"schema":{"@context":"https:\/\/schema.org","@graph":[{"@type":"WebPage","@id":"https:\/\/cms4.fayem.etu.mmi-unistra.fr\/sae402\/wordpress\/association\/","url":"https:\/\/cms4.fayem.etu.mmi-unistra.fr\/sae402\/wordpress\/association\/","name":"Association - FIJO","isPartOf":{"@id":"https:\/\/cms4.fayem.etu.mmi-unistra.fr\/sae402\/wordpress\/#website"},"primaryImageOfPage":{"@id":"https:\/\/cms4.fayem.etu.mmi-unistra.fr\/sae402\/wordpress\/association\/#primaryimage"},"image":{"@id":"https:\/\/cms4.fayem.etu.mmi-unistra.fr\/sae402\/wordpress\/association\/#primaryimage"},"thumbnailUrl":"https:\/\/cms4.fayem.etu.mmi-unistra.fr\/sae402\/wordpress\/wp-content\/uploads\/2026\/04\/Fichier-11@3x.png","datePublished":"2026-04-06T12:11:38+00:00","dateModified":"2026-04-09T06:37:55+00:00","breadcrumb":{"@id":"https:\/\/cms4.fayem.etu.mmi-unistra.fr\/sae402\/wordpress\/association\/#breadcrumb"},"inLanguage":"fr-FR","potentialAction":[{"@type":"ReadAction","target":["https:\/\/cms4.fayem.etu.mmi-unistra.fr\/sae402\/wordpress\/association\/"]}]},{"@type":"ImageObject","inLanguage":"fr-FR","@id":"https:\/\/cms4.fayem.etu.mmi-unistra.fr\/sae402\/wordpress\/association\/#primaryimage","url":"https:\/\/cms4.fayem.etu.mmi-unistra.fr\/sae402\/wordpress\/wp-content\/uploads\/2026\/04\/Fichier-11@3x.png","contentUrl":"https:\/\/cms4.fayem.etu.mmi-unistra.fr\/sae402\/wordpress\/wp-content\/uploads\/2026\/04\/Fichier-11@3x.png","width":818,"height":791},{"@type":"BreadcrumbList","@id":"https:\/\/cms4.fayem.etu.mmi-unistra.fr\/sae402\/wordpress\/association\/#breadcrumb","itemListElement":[{"@type":"ListItem","position":1,"name":"Accueil","item":"https:\/\/cms4.fayem.etu.mmi-unistra.fr\/sae402\/wordpress\/"},{"@type":"ListItem","position":2,"name":"Association"}]},{"@type":"WebSite","@id":"https:\/\/cms4.fayem.etu.mmi-unistra.fr\/sae402\/wordpress\/#website","url":"https:\/\/cms4.fayem.etu.mmi-unistra.fr\/sae402\/wordpress\/","name":"FIJO","description":"","publisher":{"@id":"https:\/\/cms4.fayem.etu.mmi-unistra.fr\/sae402\/wordpress\/#organization"},"potentialAction":[{"@type":"SearchAction","target":{"@type":"EntryPoint","urlTemplate":"https:\/\/cms4.fayem.etu.mmi-unistra.fr\/sae402\/wordpress\/?s={search_term_string}"},"query-input":{"@type":"PropertyValueSpecification","valueRequired":true,"valueName":"search_term_string"}}],"inLanguage":"fr-FR"},{"@type":"Organization","@id":"https:\/\/cms4.fayem.etu.mmi-unistra.fr\/sae402\/wordpress\/#organization","name":"FIJO","url":"https:\/\/cms4.fayem.etu.mmi-unistra.fr\/sae402\/wordpress\/","logo":{"@type":"ImageObject","inLanguage":"fr-FR","@id":"https:\/\/cms4.fayem.etu.mmi-unistra.fr\/sae402\/wordpress\/#\/schema\/logo\/image\/","url":"https:\/\/cms4.fayem.etu.mmi-unistra.fr\/sae402\/wordpress\/wp-content\/uploads\/2026\/04\/cropped-screenshot.png","contentUrl":"https:\/\/cms4.fayem.etu.mmi-unistra.fr\/sae402\/wordpress\/wp-content\/uploads\/2026\/04\/cropped-screenshot.png","width":2396,"height":1536,"caption":"FIJO"},"image":{"@id":"https:\/\/cms4.fayem.etu.mmi-unistra.fr\/sae402\/wordpress\/#\/schema\/logo\/image\/"},"sameAs":["https:\/\/www.facebook.com\/p\/Festival-Incontournable-des-Jeux-Ohlungen-61555418169959\/","https:\/\/www.instagram.com\/festivalfijo\/"]}]}},"_links":{"self":[{"href":"https:\/\/cms4.fayem.etu.mmi-unistra.fr\/sae402\/wordpress\/wp-json\/wp\/v2\/pages\/9","targetHints":{"allow":["GET"]}}],"collection":[{"href":"https:\/\/cms4.fayem.etu.mmi-unistra.fr\/sae402\/wordpress\/wp-json\/wp\/v2\/pages"}],"about":[{"href":"https:\/\/cms4.fayem.etu.mmi-unistra.fr\/sae402\/wordpress\/wp-json\/wp\/v2\/types\/page"}],"author":[{"embeddable":true,"href":"https:\/\/cms4.fayem.etu.mmi-unistra.fr\/sae402\/wordpress\/wp-json\/wp\/v2\/users\/1"}],"replies":[{"embeddable":true,"href":"https:\/\/cms4.fayem.etu.mmi-unistra.fr\/sae402\/wordpress\/wp-json\/wp\/v2\/comments?post=9"}],"version-history":[{"count":39,"href":"https:\/\/cms4.fayem.etu.mmi-unistra.fr\/sae402\/wordpress\/wp-json\/wp\/v2\/pages\/9\/revisions"}],"predecessor-version":[{"id":291,"href":"https:\/\/cms4.fayem.etu.mmi-unistra.fr\/sae402\/wordpress\/wp-json\/wp\/v2\/pages\/9\/revisions\/291"}],"wp:attachment":[{"href":"https:\/\/cms4.fayem.etu.mmi-unistra.fr\/sae402\/wordpress\/wp-json\/wp\/v2\/media?parent=9"}],"curies":[{"name":"wp","href":"https:\/\/api.w.org\/{rel}","templated":true}]}}